{"id":9,"date":"2019-07-11T05:46:33","date_gmt":"2019-07-11T05:46:33","guid":{"rendered":"http:\/\/demo.motothemes.co\/netw13\/organic-beauty-shop\/?page_id=9"},"modified":"2025-08-12T16:23:44","modified_gmt":"2025-08-12T21:23:44","slug":"feature","status":"publish","type":"page","link":"https:\/\/serviciosplanificados.com\/index.php\/feature\/","title":{"rendered":"Quienes Somos"},"content":{"rendered":"<section class=\"wpb-content-wrapper\"><p>[vc_row][vc_column width=&#8221;1\/3&#8243; box_shadow=&#8221;true&#8221; css=&#8221;.vc_custom_1708117255831{border-right-width: 10px !important;background-image: url(https:\/\/serviciosplanificados.com\/wp-content\/uploads\/2024\/02\/mision.png?id=273) !important;background-position: 0 0 !important;background-repeat: no-repeat !important;border-right-color: #ffffff !important;border-right-style: solid !important;}&#8221;]<div class=\"motov4_spacer_69fb32a8cd47f\"><\/div>[vc_column_text css=&#8221;.vc_custom_1708117168145{background-position: center !important;background-repeat: no-repeat !important;background-size: contain !important;}&#8221;]<\/p>\n<div style=\"padding: 15px; background-color: #ffffffe0;\">\n<h4>MISION<\/h4>\n<p>Prestar el servicio de alumbrado p\u00fablico de manera eficiente, con el fin de satisfacer las necesidades de nuestros clientes y partes interesadas, contribuyendo al mejoramiento de la calidad de vida de los ciudadanos, a trav\u00e9s de un servicio innovador y eficiente, con responsabilidad social y ambiental.<\/p>\n<\/div>\n<p>[\/vc_column_text][\/vc_column][vc_column width=&#8221;1\/3&#8243; box_shadow=&#8221;true&#8221; css=&#8221;.vc_custom_1708117332745{border-right-width: 10px !important;border-left-width: 10px !important;background-image: url(https:\/\/serviciosplanificados.com\/wp-content\/uploads\/2024\/02\/VISION.png?id=275) !important;background-position: 0 0 !important;background-repeat: no-repeat !important;border-left-color: #ffffff !important;border-left-style: solid !important;border-right-color: #ffffff !important;border-right-style: solid !important;}&#8221;]<div class=\"motov4_spacer_69fb32a8cd492\"><\/div>[vc_column_text]<\/p>\n<div style=\"padding: 15px; background-color: #ffffffe0;\">\n<h4>VISION<\/h4>\n<p>Ser una organizaci\u00f3n l\u00edder en nuestra regi\u00f3n, reconocida por la gesti\u00f3n inteligente de los sistemas de alumbrado p\u00fablico, comprometida con el desarrollo sostenible, el uso racional de la energ\u00eda y la seguridad y la salud en el trabajo<\/p>\n<\/div>\n<p>[\/vc_column_text][\/vc_column][vc_column width=&#8221;1\/3&#8243; box_shadow=&#8221;true&#8221; css=&#8221;.vc_custom_1708117470130{border-left-width: 10px !important;background-image: url(https:\/\/serviciosplanificados.com\/wp-content\/uploads\/2024\/02\/objetivo.jpg?id=274) !important;background-position: center !important;background-repeat: no-repeat !important;background-size: contain !important;border-left-color: #ffffff !important;border-left-style: solid !important;}&#8221;]<div class=\"motov4_spacer_69fb32a8cd498\"><\/div>[vc_column_text]<\/p>\n<div style=\"padding: 15px; background-color: #ffffffe0;\">\n<h4>OBJETO<\/h4>\n<p>&nbsp;<\/p>\n<\/div>\n<p>[\/vc_column_text][\/vc_column][\/vc_row][vc_row][vc_column]<div class=\"motov4_spacer_69fb32a8cd49d\"><\/div>[\/vc_column][\/vc_row]<\/p>\n<\/section>","protected":false},"excerpt":{"rendered":"<p>[vc_row][vc_column width=&#8221;1\/3&#8243; box_shadow=&#8221;true&#8221; css=&#8221;.vc_custom_1708117255831{border-right-width: 10px !important;background-image: url(https:\/\/serviciosplanificados.com\/wp-content\/uploads\/2024\/02\/mision.png?id=273) !important;background-position: 0 0 !important;background-repeat: no-repeat !important;border-right-color: #ffffff !important;border-right-style: solid !important;}&#8221;][vc_column_text css=&#8221;.vc_custom_1708117168145{background-position: center !important;background-repeat:.<\/p>\n","protected":false},"author":1,"featured_media":0,"parent":0,"menu_order":0,"comment_status":"closed","ping_status":"closed","template":"","meta":{"footnotes":""},"class_list":["post-9","page","type-page","status-publish","hentry"],"_links":{"self":[{"href":"https:\/\/serviciosplanificados.com\/index.php\/wp-json\/wp\/v2\/pages\/9","targetHints":{"allow":["GET"]}}],"collection":[{"href":"https:\/\/serviciosplanificados.com\/index.php\/wp-json\/wp\/v2\/pages"}],"about":[{"href":"https:\/\/serviciosplanificados.com\/index.php\/wp-json\/wp\/v2\/types\/page"}],"author":[{"embeddable":true,"href":"https:\/\/serviciosplanificados.com\/index.php\/wp-json\/wp\/v2\/users\/1"}],"replies":[{"embeddable":true,"href":"https:\/\/serviciosplanificados.com\/index.php\/wp-json\/wp\/v2\/comments?post=9"}],"version-history":[{"count":12,"href":"https:\/\/serviciosplanificados.com\/index.php\/wp-json\/wp\/v2\/pages\/9\/revisions"}],"predecessor-version":[{"id":286,"href":"https:\/\/serviciosplanificados.com\/index.php\/wp-json\/wp\/v2\/pages\/9\/revisions\/286"}],"wp:attachment":[{"href":"https:\/\/serviciosplanificados.com\/index.php\/wp-json\/wp\/v2\/media?parent=9"}],"curies":[{"name":"wp","href":"https:\/\/api.w.org\/{rel}","templated":true}]}}